{"id":3,"date":"2022-01-24T19:58:27","date_gmt":"2022-01-24T18:58:27","guid":{"rendered":"https:\/\/www.visuelgrafix.be\/?page_id=3"},"modified":"2022-04-16T12:31:43","modified_gmt":"2022-04-16T10:31:43","slug":"politique-de-confidentialite","status":"publish","type":"page","link":"https:\/\/www.visuelgrafix.be\/index.php\/politique-de-confidentialite\/","title":{"rendered":"Politique de confidentialit\u00e9"},"content":{"rendered":"\r\n<p><strong>Qui sommes-nous\u00a0?<\/strong><\/p>\r\n<p>L\u2019adresse de notre site Web est\u00a0: https:\/\/www.visuelgrafix.be.<\/p>\r\n<h3 class=\"wp-block-heading\">Utilisation des donn\u00e9es personnelles collect\u00e9es<\/h3>\r\n<p><strong>Commentaires<\/strong><\/p>\r\n<p>Nous vous remercions pour l\u2019int\u00e9r\u00eat que vous portez \u00e0 notre soci\u00e9t\u00e9 et nos produits. visuelgrafiX est tr\u00e8s soucieux de la protection des donn\u00e9es des utilisateurs, des partenaires et de toutes les autres tierces parties associ\u00e9es.<\/p>\r\n<p>Le traitement des donn\u00e9es personnelles recueillies lorsque des utilisateurs commandent ou consultent le site internet de visuelgrafiX se fait dans le plus grand respect des lois nationales relatives \u00e0 la protection et \u00e0 la s\u00e9curit\u00e9 des donn\u00e9es en vigueur en Belgique.<\/p>\r\n<p>La pr\u00e9sente politique de confidentialit\u00e9 fournit des informations sur la fa\u00e7on dont visuelgrafiX utilise les donn\u00e9es recueillies lorsqu\u2019un utilisateur commande, utilise le formulaire de contact ou d&rsquo;abonnement \u00e0 la Newsletter du site internet de visuelgrafiX. Nous vous pr\u00e9sentons donc ces informations conform\u00e9ment aux directives pertinentes en mati\u00e8re de protection des donn\u00e9es concernant la collecte, le traitement et l\u2019utilisation de vos donn\u00e9es personnelles.<\/p>\r\n<p><strong>Commande, formulaire de contact ou d&rsquo;abonnement \u00e0 la Newsletter<\/strong><\/p>\r\n<p>Quand vous commandez sur notre boutique ou envoyez un formulaire de contact ou d&rsquo;abonnement \u00e0 la Newsletter depuis le site internet de visuelgrafiX, vous devez nous fournir quelques informations vous concernant. Soyez assur\u00e9 que nous traiterons vos donn\u00e9es de mani\u00e8re confidentielle. Les donn\u00e9es inscrites dans les d\u00e9tails du compte sur notre boutique, le formulaire de contact ou d&rsquo;abonnement \u00e0 la Newsletter sont transmises au destinataire ad\u00e9quat et sont uniquement utilis\u00e9es en interne afin de vous contacter dans le cadre de votre commande, demande ou de notre Newsletter.<\/p>\r\n<p><strong>Cookies<\/strong><\/p>\r\n<p>Si vous d\u00e9posez un commentaire sur notre site, il vous sera propos\u00e9 d\u2019enregistrer votre nom, adresse de messagerie et site web dans des cookies. C\u2019est uniquement pour votre confort afin de ne pas avoir \u00e0 saisir ces informations si vous d\u00e9posez un autre commentaire plus tard. Ces cookies expirent au bout d\u2019un an.<\/p>\r\n<p>Si vous avez un compte et que vous vous connectez sur ce site, un cookie temporaire sera cr\u00e9\u00e9 afin de d\u00e9terminer si votre navigateur accepte les cookies. Il ne contient pas de donn\u00e9es personnelles et sera supprim\u00e9 automatiquement \u00e0 la fermeture de votre navigateur.<\/p>\r\n<p>Lorsque vous vous connecterez, nous mettrons en place un certain nombre de cookies pour enregistrer vos informations de connexion et vos pr\u00e9f\u00e9rences d\u2019\u00e9cran. La dur\u00e9e de vie d\u2019un cookie de connexion est de deux jours, celle d\u2019un cookie d\u2019option d\u2019\u00e9cran est d\u2019un an. Si vous cochez \u00ab\u00a0Se souvenir de moi\u00a0\u00bb, votre cookie de connexion sera conserv\u00e9 pendant deux semaines. Si vous vous d\u00e9connectez de votre compte, le cookie de connexion sera effac\u00e9.<\/p>\r\n<p>En modifiant ou en publiant une publication, un cookie suppl\u00e9mentaire sera enregistr\u00e9 dans votre navigateur. Ce cookie ne comprend aucune donn\u00e9e personnelle. Il indique simplement l\u2019ID de la publication que vous venez de modifier. Il expire au bout d\u2019un jour.<\/p>\r\n<p><strong>Contenu embarqu\u00e9 depuis d\u2019autres sites<\/strong><\/p>\r\n<p>Les articles de ce site peuvent inclure des contenus int\u00e9gr\u00e9s (par exemple des vid\u00e9os, images, articles\u2026). Le contenu int\u00e9gr\u00e9 depuis d\u2019autres sites se comporte de la m\u00eame mani\u00e8re que si le visiteur se rendait sur cet autre site.<\/p>\r\n<p>Ces sites web pourraient collecter des donn\u00e9es sur vous, utiliser des cookies, embarquer des outils de suivis tiers, suivre vos interactions avec ces contenus embarqu\u00e9s si vous disposez d\u2019un compte connect\u00e9 sur leur site web.<\/p>\r\n<p><strong>Dur\u00e9es de stockage de vos donn\u00e9es<\/strong><\/p>\r\n<p>Vous avez le droit de demander la suppression des donn\u00e9es personnelles \u00e0 tout moment. Si vous laissez un commentaire, le commentaire et ses m\u00e9tadonn\u00e9es sont conserv\u00e9s ind\u00e9finiment. Cela permet de reconna\u00eetre et approuver automatiquement les commentaires suivants au lieu de les laisser dans la file de mod\u00e9ration.<\/p>\r\n<p>Pour les utilisateurs et utilisatrices qui s\u2019enregistrent sur notre site (si cela est possible), nous stockons \u00e9galement les donn\u00e9es personnelles indiqu\u00e9es dans leur profil. Tous les utilisateurs et utilisatrices peuvent voir, modifier ou supprimer leurs informations personnelles \u00e0 tout moment (\u00e0 l\u2019exception de leur nom d\u2019utilisateur-rice). Les gestionnaires du site peuvent aussi voir et modifier ces informations.<\/p>\r\n<p><strong>Les droits que vous avez sur vos donn\u00e9es<\/strong><\/p>\r\n<p>Si vous avez un compte ou si vous avez laiss\u00e9 des commentaires sur le site, vous pouvez demander \u00e0 recevoir un fichier contenant toutes les donn\u00e9es personnelles que nous poss\u00e9dons \u00e0 votre sujet, incluant celles que vous nous avez fournies. Vous pouvez \u00e9galement demander la suppression des donn\u00e9es personnelles vous concernant. Cela ne prend pas en compte les donn\u00e9es stock\u00e9es \u00e0 des fins administratives, l\u00e9gales ou pour des raisons de s\u00e9curit\u00e9.<\/p>\r\n<p><strong>Traitement et suppression de vos donn\u00e9es<\/strong><\/p>\r\n<p>Vous pouvez modifier, corriger, transf\u00e9rer et supprimer vos donn\u00e9es personnelles en contactant visuelgrafiX via l&rsquo;adresse mail.<\/p>\r\n<p>Nous serons heureux de vous aider et de r\u00e9pondre \u00e0 votre demande. Les donn\u00e9es personnelles seront ensuite modifi\u00e9es ou supprim\u00e9es conform\u00e9ment aux dispositions et exigences l\u00e9gales et r\u00e9glementaires applicables.<\/p>\r\n<p>Ceci ne s\u2019applique pas si la loi nous interdit la suppression des donn\u00e9es ou si nous sommes tenus de continuer \u00e0 les conserver afin de servir de preuves.<\/p>\r\n<p><strong>S\u00e9curit\u00e9<\/strong><\/p>\r\n<p>Nous accordons une tr\u00e8s grande importance \u00e0 la s\u00e9curit\u00e9 de vos donn\u00e9es personnelles. Nous avons mis en place des proc\u00e9dures physiques, \u00e9lectroniques et administratives raisonnables afin de garantir la s\u00e9curit\u00e9 des informations que nous recueillons. L\u2019acc\u00e8s \u00e0 vos donn\u00e9es personnelles est uniquement accord\u00e9 aux professionnels en ayant besoin afin d\u2019effectuer leur travail.<\/p>\r\n<p><strong>Consentement<\/strong><\/p>\r\n<p>En vous inscrivant \u00e0 notre boutique ou en envoyant votre formulaire de contact ou d&rsquo;abonnement \u00e0 la Newsletler, et en cochant la case pr\u00e9vue \u00e0 cet effet, vous reconnaissez avoir lu et accept\u00e9 les informations contenues dans la pr\u00e9sente politique de confidentialit\u00e9 concernant le traitement et l\u2019utilisation de vos donn\u00e9es personnelles, les conditions g\u00e9n\u00e9rales de vente et les mentions l\u00e9gales. En outre, vous confirmez par la pr\u00e9sente que l\u2019ensemble des informations que vous avez fournies sont correctes.<\/p>\r\n<p><strong>Informations de contact<\/strong><\/p>\r\n<p>Si vous avez des questions quelconques au sujet de la protection des donn\u00e9es ou si vous souhaitez exercer votre droit de consultation et de suppression, veuillez nous contacter via notre adresse mail.<\/p>\r\n<p><strong>Modification de la pr\u00e9sente politique de confidentialit\u00e9<\/strong><\/p>\r\n<p>Nous nous r\u00e9servons le droit de modifier la pr\u00e9sente politique de confidentialit\u00e9 \u00e0 tout moment afin de satisfaire aux exigences techniques et l\u00e9gales.<\/p>\r\n<p>Statut : avril 2022<\/p>\r\n","protected":false},"excerpt":{"rendered":"<p>Qui sommes-nous\u00a0? L\u2019adresse de notre site Web est\u00a0: https:\/\/www.visuelgrafix.be. Utilisation des donn\u00e9es personnelles collect\u00e9es Commentaires Nous vous remercions pour l\u2019int\u00e9r\u00eat que vous portez \u00e0 notre soci\u00e9t\u00e9 et nos produits. visuelgrafiX est tr\u00e8s soucieux de la protection des donn\u00e9es des utilisateurs, des partenaires et de toutes les autres tierces parties associ\u00e9es. Le traitement des donn\u00e9es personnelles [&hellip;]<\/p>\n","protected":false},"author":1,"featured_media":0,"parent":0,"menu_order":0,"comment_status":"closed","ping_status":"open","template":"","meta":{"footnotes":""},"class_list":["post-3","page","type-page","status-publish","hentry"],"yoast_head":"<!-- This site is optimized with the Yoast SEO plugin v27.3 - https:\/\/yoast.com\/product\/yoast-seo-wordpress\/ -->\n<title>Politique de confidentialit\u00e9 - visuelgrafiX<\/title>\n<meta name=\"robots\" content=\"index, follow, max-snippet:-1, max-image-preview:large, max-video-preview:-1\" \/>\n<link rel=\"canonical\" href=\"https:\/\/www.visuelgrafix.be\/index.php\/politique-de-confidentialite\/\" \/>\n<meta property=\"og:locale\" content=\"fr_FR\" \/>\n<meta property=\"og:type\" content=\"article\" \/>\n<meta property=\"og:title\" content=\"Politique de confidentialit\u00e9 - visuelgrafiX\" \/>\n<meta property=\"og:description\" content=\"Qui sommes-nous\u00a0? L\u2019adresse de notre site Web est\u00a0: https:\/\/www.visuelgrafix.be. Utilisation des donn\u00e9es personnelles collect\u00e9es Commentaires Nous vous remercions pour l\u2019int\u00e9r\u00eat que vous portez \u00e0 notre soci\u00e9t\u00e9 et nos produits. visuelgrafiX est tr\u00e8s soucieux de la protection des donn\u00e9es des utilisateurs, des partenaires et de toutes les autres tierces parties associ\u00e9es. Le traitement des donn\u00e9es personnelles [&hellip;]\" \/>\n<meta property=\"og:url\" content=\"https:\/\/www.visuelgrafix.be\/index.php\/politique-de-confidentialite\/\" \/>\n<meta property=\"og:site_name\" content=\"visuelgrafiX\" \/>\n<meta property=\"article:modified_time\" content=\"2022-04-16T10:31:43+00:00\" \/>\n<meta name=\"twitter:card\" content=\"summary_large_image\" \/>\n<meta name=\"twitter:label1\" content=\"Dur\u00e9e de lecture estim\u00e9e\" \/>\n\t<meta name=\"twitter:data1\" content=\"6 minutes\" \/>\n<script type=\"application\/ld+json\" class=\"yoast-schema-graph\">{\"@context\":\"https:\\\/\\\/schema.org\",\"@graph\":[{\"@type\":\"WebPage\",\"@id\":\"https:\\\/\\\/www.visuelgrafix.be\\\/index.php\\\/politique-de-confidentialite\\\/\",\"url\":\"https:\\\/\\\/www.visuelgrafix.be\\\/index.php\\\/politique-de-confidentialite\\\/\",\"name\":\"Politique de confidentialit\u00e9 - visuelgrafiX\",\"isPartOf\":{\"@id\":\"https:\\\/\\\/www.visuelgrafix.be\\\/#website\"},\"datePublished\":\"2022-01-24T18:58:27+00:00\",\"dateModified\":\"2022-04-16T10:31:43+00:00\",\"breadcrumb\":{\"@id\":\"https:\\\/\\\/www.visuelgrafix.be\\\/index.php\\\/politique-de-confidentialite\\\/#breadcrumb\"},\"inLanguage\":\"fr-FR\",\"potentialAction\":[{\"@type\":\"ReadAction\",\"target\":[\"https:\\\/\\\/www.visuelgrafix.be\\\/index.php\\\/politique-de-confidentialite\\\/\"]}]},{\"@type\":\"BreadcrumbList\",\"@id\":\"https:\\\/\\\/www.visuelgrafix.be\\\/index.php\\\/politique-de-confidentialite\\\/#breadcrumb\",\"itemListElement\":[{\"@type\":\"ListItem\",\"position\":1,\"name\":\"Accueil\",\"item\":\"https:\\\/\\\/www.visuelgrafix.be\\\/index.php\\\/home\\\/\"},{\"@type\":\"ListItem\",\"position\":2,\"name\":\"Politique de confidentialit\u00e9\"}]},{\"@type\":\"WebSite\",\"@id\":\"https:\\\/\\\/www.visuelgrafix.be\\\/#website\",\"url\":\"https:\\\/\\\/www.visuelgrafix.be\\\/\",\"name\":\"visuelgrafiX\",\"description\":\"Un visuel \u00e0 votre image\",\"potentialAction\":[{\"@type\":\"SearchAction\",\"target\":{\"@type\":\"EntryPoint\",\"urlTemplate\":\"https:\\\/\\\/www.visuelgrafix.be\\\/?s={search_term_string}\"},\"query-input\":{\"@type\":\"PropertyValueSpecification\",\"valueRequired\":true,\"valueName\":\"search_term_string\"}}],\"inLanguage\":\"fr-FR\"}]}<\/script>\n<!-- \/ Yoast SEO plugin. -->","yoast_head_json":{"title":"Politique de confidentialit\u00e9 - visuelgrafiX","robots":{"index":"index","follow":"follow","max-snippet":"max-snippet:-1","max-image-preview":"max-image-preview:large","max-video-preview":"max-video-preview:-1"},"canonical":"https:\/\/www.visuelgrafix.be\/index.php\/politique-de-confidentialite\/","og_locale":"fr_FR","og_type":"article","og_title":"Politique de confidentialit\u00e9 - visuelgrafiX","og_description":"Qui sommes-nous\u00a0? L\u2019adresse de notre site Web est\u00a0: https:\/\/www.visuelgrafix.be. Utilisation des donn\u00e9es personnelles collect\u00e9es Commentaires Nous vous remercions pour l\u2019int\u00e9r\u00eat que vous portez \u00e0 notre soci\u00e9t\u00e9 et nos produits. visuelgrafiX est tr\u00e8s soucieux de la protection des donn\u00e9es des utilisateurs, des partenaires et de toutes les autres tierces parties associ\u00e9es. Le traitement des donn\u00e9es personnelles [&hellip;]","og_url":"https:\/\/www.visuelgrafix.be\/index.php\/politique-de-confidentialite\/","og_site_name":"visuelgrafiX","article_modified_time":"2022-04-16T10:31:43+00:00","twitter_card":"summary_large_image","twitter_misc":{"Dur\u00e9e de lecture estim\u00e9e":"6 minutes"},"schema":{"@context":"https:\/\/schema.org","@graph":[{"@type":"WebPage","@id":"https:\/\/www.visuelgrafix.be\/index.php\/politique-de-confidentialite\/","url":"https:\/\/www.visuelgrafix.be\/index.php\/politique-de-confidentialite\/","name":"Politique de confidentialit\u00e9 - visuelgrafiX","isPartOf":{"@id":"https:\/\/www.visuelgrafix.be\/#website"},"datePublished":"2022-01-24T18:58:27+00:00","dateModified":"2022-04-16T10:31:43+00:00","breadcrumb":{"@id":"https:\/\/www.visuelgrafix.be\/index.php\/politique-de-confidentialite\/#breadcrumb"},"inLanguage":"fr-FR","potentialAction":[{"@type":"ReadAction","target":["https:\/\/www.visuelgrafix.be\/index.php\/politique-de-confidentialite\/"]}]},{"@type":"BreadcrumbList","@id":"https:\/\/www.visuelgrafix.be\/index.php\/politique-de-confidentialite\/#breadcrumb","itemListElement":[{"@type":"ListItem","position":1,"name":"Accueil","item":"https:\/\/www.visuelgrafix.be\/index.php\/home\/"},{"@type":"ListItem","position":2,"name":"Politique de confidentialit\u00e9"}]},{"@type":"WebSite","@id":"https:\/\/www.visuelgrafix.be\/#website","url":"https:\/\/www.visuelgrafix.be\/","name":"visuelgrafiX","description":"Un visuel \u00e0 votre image","potentialAction":[{"@type":"SearchAction","target":{"@type":"EntryPoint","urlTemplate":"https:\/\/www.visuelgrafix.be\/?s={search_term_string}"},"query-input":{"@type":"PropertyValueSpecification","valueRequired":true,"valueName":"search_term_string"}}],"inLanguage":"fr-FR"}]}},"_links":{"self":[{"href":"https:\/\/www.visuelgrafix.be\/index.php\/wp-json\/wp\/v2\/pages\/3","targetHints":{"allow":["GET"]}}],"collection":[{"href":"https:\/\/www.visuelgrafix.be\/index.php\/wp-json\/wp\/v2\/pages"}],"about":[{"href":"https:\/\/www.visuelgrafix.be\/index.php\/wp-json\/wp\/v2\/types\/page"}],"author":[{"embeddable":true,"href":"https:\/\/www.visuelgrafix.be\/index.php\/wp-json\/wp\/v2\/users\/1"}],"replies":[{"embeddable":true,"href":"https:\/\/www.visuelgrafix.be\/index.php\/wp-json\/wp\/v2\/comments?post=3"}],"version-history":[{"count":1,"href":"https:\/\/www.visuelgrafix.be\/index.php\/wp-json\/wp\/v2\/pages\/3\/revisions"}],"predecessor-version":[{"id":633,"href":"https:\/\/www.visuelgrafix.be\/index.php\/wp-json\/wp\/v2\/pages\/3\/revisions\/633"}],"wp:attachment":[{"href":"https:\/\/www.visuelgrafix.be\/index.php\/wp-json\/wp\/v2\/media?parent=3"}],"curies":[{"name":"wp","href":"https:\/\/api.w.org\/{rel}","templated":true}]}}