{"id":629,"date":"2022-04-16T12:21:48","date_gmt":"2022-04-16T10:21:48","guid":{"rendered":"https:\/\/www.visuelgrafix.be\/?page_id=629"},"modified":"2022-04-17T08:47:50","modified_gmt":"2022-04-17T06:47:50","slug":"mentions-legales","status":"publish","type":"page","link":"https:\/\/www.visuelgrafix.be\/index.php\/mentions-legales\/","title":{"rendered":"Mentions L\u00e9gales"},"content":{"rendered":"<p>Le site internet https\/\/www.visuelgrafix.be est g\u00e9r\u00e9 par visuelgrafiX.<\/p>\n<table>\n<tbody>\n<tr>\n<td>Adresse\u00a0:<\/td>\n<td>visuelgrafiX<br \/>\nRue Bocquenade, 515<br \/>\n4870 Trooz<br \/>\nBelgique<\/td>\n<\/tr>\n<tr>\n<td>G\u00e9rant :<\/td>\n<td>S\u00e9bastien BRAND<\/td>\n<\/tr>\n<tr>\n<td>Num\u00e9ro de TVA :<\/td>\n<td>BE0687711885<\/td>\n<\/tr>\n<tr>\n<td>T\u00e9l\u00e9phone :<\/td>\n<td>0486 79 24 87<\/td>\n<\/tr>\n<tr>\n<td>Site internet :<\/td>\n<td>https:\/\/www.visuelgrafix.be<\/td>\n<\/tr>\n<tr>\n<td>E-Mail:<\/td>\n<td>contact@visuelgrafix.be<\/td>\n<\/tr>\n<\/tbody>\n<\/table>\n<p><strong>Non-responsabilit\u00e9<\/strong><\/p>\n<p>Les informations pr\u00e9sentes sur ce site internet sont contr\u00f4l\u00e9es minutieusement et sont r\u00e9guli\u00e8rement mises \u00e0 jour. Il n&rsquo;y a cependant aucune garantie qu&rsquo;elles soient compl\u00e8tes, correctes et \u00e0 jour. Toutes les donn\u00e9es peuvent \u00eatre supprim\u00e9es ou modifi\u00e9es \u00e0 tout moment, sans notification particuli\u00e8re.<\/p>\n<p>Malgr\u00e9 un contr\u00f4le minutieux du contenu, nous ne pouvons \u00eatre tenus responsables du contenu des liens externes. visuelgrafiX n&rsquo;est pas responsable du contenu des sites Internet externes qui sont reli\u00e9s au site de visuelgrafix.be.<\/p>\n<p><strong>Pour signaler un abus<\/strong><\/p>\n<p>En application de la loi n\u00b0 2004-575 du 21 juin 2004 pour la confiance dans l\u2019\u00e9conomie num\u00e9rique, pour signaler un contenu litigieux ou si vous \u00eates victime d\u2019une utilisation frauduleuse du site, merci de contacter l\u2019administrateur du site \u00e0 l\u2019adresse du g\u00e9rant ou via l&rsquo;dresse mail.<\/p>\n<p><strong>Information pour le r\u00e8glement des litiges<\/strong><\/p>\n<p>Pour la Belgique, un r\u00e8glement extrajudiciaire des litiges concernant le droit des consommateurs n&rsquo;est actuellement pas pr\u00e9vu. Notre adresse mail est : contact@visuelgrafix.be<\/p>\n<p><strong>Contenus et droits de reproduction<\/strong><\/p>\n<p>En application des (articles L. 111-1 et L. 123-1) du Code de la Propri\u00e9t\u00e9 Intellectuelle l\u2019ensemble des contenus de ce site : textes, images, vid\u00e9os et tout m\u00e9dia en g\u00e9n\u00e9ral, sauf mention contraire explicite, est prot\u00e9g\u00e9 par le droit d\u2019auteur. La reproduction, m\u00eame partielle, des contenus des pages de ce site sans accord pr\u00e9alable par \u00e9crit est strictement interdite.<\/p>\n<p><strong>Modification des mentions l\u00e9gales<\/strong><\/p>\n<p>Nous nous r\u00e9servons le droit de modifier les mentions l\u00e9gales \u00e0 tout moment afin de satisfaire aux exigences techniques et l\u00e9gales.<\/p>\n<p>Statut : avril 2022<\/p>\n","protected":false},"excerpt":{"rendered":"<p>Le site internet https\/\/www.visuelgrafix.be est g\u00e9r\u00e9 par visuelgrafiX. Adresse\u00a0: visuelgrafiX Rue Bocquenade, 515 4870 Trooz Belgique G\u00e9rant : S\u00e9bastien BRAND Num\u00e9ro de TVA : BE0687711885 T\u00e9l\u00e9phone : 0486 79 24 87 Site internet : https:\/\/www.visuelgrafix.be E-Mail: contact@visuelgrafix.be Non-responsabilit\u00e9 Les informations pr\u00e9sentes sur ce site internet sont contr\u00f4l\u00e9es minutieusement et sont r\u00e9guli\u00e8rement mises \u00e0 jour. Il [&hellip;]<\/p>\n","protected":false},"author":1,"featured_media":0,"parent":0,"menu_order":0,"comment_status":"closed","ping_status":"closed","template":"","meta":{"footnotes":""},"class_list":["post-629","page","type-page","status-publish","hentry"],"yoast_head":"<!-- This site is optimized with the Yoast SEO plugin v27.5 - https:\/\/yoast.com\/product\/yoast-seo-wordpress\/ -->\n<title>Mentions L\u00e9gales - visuelgrafiX<\/title>\n<meta name=\"robots\" content=\"index, follow, max-snippet:-1, max-image-preview:large, max-video-preview:-1\" \/>\n<link rel=\"canonical\" href=\"https:\/\/www.visuelgrafix.be\/index.php\/mentions-legales\/\" \/>\n<meta property=\"og:locale\" content=\"fr_FR\" \/>\n<meta property=\"og:type\" content=\"article\" \/>\n<meta property=\"og:title\" content=\"Mentions L\u00e9gales - visuelgrafiX\" \/>\n<meta property=\"og:description\" content=\"Le site internet https\/\/www.visuelgrafix.be est g\u00e9r\u00e9 par visuelgrafiX. Adresse\u00a0: visuelgrafiX Rue Bocquenade, 515 4870 Trooz Belgique G\u00e9rant : S\u00e9bastien BRAND Num\u00e9ro de TVA : BE0687711885 T\u00e9l\u00e9phone : 0486 79 24 87 Site internet : https:\/\/www.visuelgrafix.be E-Mail: contact@visuelgrafix.be Non-responsabilit\u00e9 Les informations pr\u00e9sentes sur ce site internet sont contr\u00f4l\u00e9es minutieusement et sont r\u00e9guli\u00e8rement mises \u00e0 jour. Il [&hellip;]\" \/>\n<meta property=\"og:url\" content=\"https:\/\/www.visuelgrafix.be\/index.php\/mentions-legales\/\" \/>\n<meta property=\"og:site_name\" content=\"visuelgrafiX\" \/>\n<meta property=\"article:modified_time\" content=\"2022-04-17T06:47:50+00:00\" \/>\n<meta name=\"twitter:card\" content=\"summary_large_image\" \/>\n<meta name=\"twitter:label1\" content=\"Dur\u00e9e de lecture estim\u00e9e\" \/>\n\t<meta name=\"twitter:data1\" content=\"2 minutes\" \/>\n<script type=\"application\/ld+json\" class=\"yoast-schema-graph\">{\"@context\":\"https:\\\/\\\/schema.org\",\"@graph\":[{\"@type\":\"WebPage\",\"@id\":\"https:\\\/\\\/www.visuelgrafix.be\\\/index.php\\\/mentions-legales\\\/\",\"url\":\"https:\\\/\\\/www.visuelgrafix.be\\\/index.php\\\/mentions-legales\\\/\",\"name\":\"Mentions L\u00e9gales - visuelgrafiX\",\"isPartOf\":{\"@id\":\"https:\\\/\\\/www.visuelgrafix.be\\\/#website\"},\"datePublished\":\"2022-04-16T10:21:48+00:00\",\"dateModified\":\"2022-04-17T06:47:50+00:00\",\"breadcrumb\":{\"@id\":\"https:\\\/\\\/www.visuelgrafix.be\\\/index.php\\\/mentions-legales\\\/#breadcrumb\"},\"inLanguage\":\"fr-FR\",\"potentialAction\":[{\"@type\":\"ReadAction\",\"target\":[\"https:\\\/\\\/www.visuelgrafix.be\\\/index.php\\\/mentions-legales\\\/\"]}]},{\"@type\":\"BreadcrumbList\",\"@id\":\"https:\\\/\\\/www.visuelgrafix.be\\\/index.php\\\/mentions-legales\\\/#breadcrumb\",\"itemListElement\":[{\"@type\":\"ListItem\",\"position\":1,\"name\":\"Accueil\",\"item\":\"https:\\\/\\\/www.visuelgrafix.be\\\/index.php\\\/home\\\/\"},{\"@type\":\"ListItem\",\"position\":2,\"name\":\"Mentions L\u00e9gales\"}]},{\"@type\":\"WebSite\",\"@id\":\"https:\\\/\\\/www.visuelgrafix.be\\\/#website\",\"url\":\"https:\\\/\\\/www.visuelgrafix.be\\\/\",\"name\":\"visuelgrafiX\",\"description\":\"Un visuel \u00e0 votre image\",\"potentialAction\":[{\"@type\":\"SearchAction\",\"target\":{\"@type\":\"EntryPoint\",\"urlTemplate\":\"https:\\\/\\\/www.visuelgrafix.be\\\/?s={search_term_string}\"},\"query-input\":{\"@type\":\"PropertyValueSpecification\",\"valueRequired\":true,\"valueName\":\"search_term_string\"}}],\"inLanguage\":\"fr-FR\"}]}<\/script>\n<!-- \/ Yoast SEO plugin. -->","yoast_head_json":{"title":"Mentions L\u00e9gales - visuelgrafiX","robots":{"index":"index","follow":"follow","max-snippet":"max-snippet:-1","max-image-preview":"max-image-preview:large","max-video-preview":"max-video-preview:-1"},"canonical":"https:\/\/www.visuelgrafix.be\/index.php\/mentions-legales\/","og_locale":"fr_FR","og_type":"article","og_title":"Mentions L\u00e9gales - visuelgrafiX","og_description":"Le site internet https\/\/www.visuelgrafix.be est g\u00e9r\u00e9 par visuelgrafiX. Adresse\u00a0: visuelgrafiX Rue Bocquenade, 515 4870 Trooz Belgique G\u00e9rant : S\u00e9bastien BRAND Num\u00e9ro de TVA : BE0687711885 T\u00e9l\u00e9phone : 0486 79 24 87 Site internet : https:\/\/www.visuelgrafix.be E-Mail: contact@visuelgrafix.be Non-responsabilit\u00e9 Les informations pr\u00e9sentes sur ce site internet sont contr\u00f4l\u00e9es minutieusement et sont r\u00e9guli\u00e8rement mises \u00e0 jour. Il [&hellip;]","og_url":"https:\/\/www.visuelgrafix.be\/index.php\/mentions-legales\/","og_site_name":"visuelgrafiX","article_modified_time":"2022-04-17T06:47:50+00:00","twitter_card":"summary_large_image","twitter_misc":{"Dur\u00e9e de lecture estim\u00e9e":"2 minutes"},"schema":{"@context":"https:\/\/schema.org","@graph":[{"@type":"WebPage","@id":"https:\/\/www.visuelgrafix.be\/index.php\/mentions-legales\/","url":"https:\/\/www.visuelgrafix.be\/index.php\/mentions-legales\/","name":"Mentions L\u00e9gales - visuelgrafiX","isPartOf":{"@id":"https:\/\/www.visuelgrafix.be\/#website"},"datePublished":"2022-04-16T10:21:48+00:00","dateModified":"2022-04-17T06:47:50+00:00","breadcrumb":{"@id":"https:\/\/www.visuelgrafix.be\/index.php\/mentions-legales\/#breadcrumb"},"inLanguage":"fr-FR","potentialAction":[{"@type":"ReadAction","target":["https:\/\/www.visuelgrafix.be\/index.php\/mentions-legales\/"]}]},{"@type":"BreadcrumbList","@id":"https:\/\/www.visuelgrafix.be\/index.php\/mentions-legales\/#breadcrumb","itemListElement":[{"@type":"ListItem","position":1,"name":"Accueil","item":"https:\/\/www.visuelgrafix.be\/index.php\/home\/"},{"@type":"ListItem","position":2,"name":"Mentions L\u00e9gales"}]},{"@type":"WebSite","@id":"https:\/\/www.visuelgrafix.be\/#website","url":"https:\/\/www.visuelgrafix.be\/","name":"visuelgrafiX","description":"Un visuel \u00e0 votre image","potentialAction":[{"@type":"SearchAction","target":{"@type":"EntryPoint","urlTemplate":"https:\/\/www.visuelgrafix.be\/?s={search_term_string}"},"query-input":{"@type":"PropertyValueSpecification","valueRequired":true,"valueName":"search_term_string"}}],"inLanguage":"fr-FR"}]}},"_links":{"self":[{"href":"https:\/\/www.visuelgrafix.be\/index.php\/wp-json\/wp\/v2\/pages\/629","targetHints":{"allow":["GET"]}}],"collection":[{"href":"https:\/\/www.visuelgrafix.be\/index.php\/wp-json\/wp\/v2\/pages"}],"about":[{"href":"https:\/\/www.visuelgrafix.be\/index.php\/wp-json\/wp\/v2\/types\/page"}],"author":[{"embeddable":true,"href":"https:\/\/www.visuelgrafix.be\/index.php\/wp-json\/wp\/v2\/users\/1"}],"replies":[{"embeddable":true,"href":"https:\/\/www.visuelgrafix.be\/index.php\/wp-json\/wp\/v2\/comments?post=629"}],"version-history":[{"count":3,"href":"https:\/\/www.visuelgrafix.be\/index.php\/wp-json\/wp\/v2\/pages\/629\/revisions"}],"predecessor-version":[{"id":650,"href":"https:\/\/www.visuelgrafix.be\/index.php\/wp-json\/wp\/v2\/pages\/629\/revisions\/650"}],"wp:attachment":[{"href":"https:\/\/www.visuelgrafix.be\/index.php\/wp-json\/wp\/v2\/media?parent=629"}],"curies":[{"name":"wp","href":"https:\/\/api.w.org\/{rel}","templated":true}]}}